{"id":2210,"date":"2022-01-23T12:40:53","date_gmt":"2022-01-23T11:40:53","guid":{"rendered":"http:\/\/snudifo89.fr\/?page_id=2210"},"modified":"2022-02-01T22:01:26","modified_gmt":"2022-02-01T21:01:26","slug":"actualites","status":"publish","type":"page","link":"https:\/\/snudifo89.fr\/","title":{"rendered":"Actualit\u00e9s"},"content":{"rendered":"\n\t\t<div class=\"wppsac-wrap wppsac-slick-carousel-wrp wppsac-clearfix \" data-conf=\"{&quot;slides_to_show&quot;:3,&quot;slides_to_scroll&quot;:1,&quot;dots&quot;:&quot;true&quot;,&quot;arrows&quot;:&quot;true&quot;,&quot;autoplay&quot;:&quot;true&quot;,&quot;autoplay_interval&quot;:3000,&quot;speed&quot;:500,&quot;rtl&quot;:&quot;false&quot;,&quot;lazyload&quot;:&quot;&quot;}\">\r\n\t\t\t<div id=\"wppsac-post-carousel-1\" class=\"wppsac-post-slider-init wppsac-post-carousel design-1\">\r\n\t\t\t\t<div class=\"wppsac-carousel-slides\">\r\n\t\t<div class=\"wppsac-post-image-bg\">\r\n\t\t<a href=\"https:\/\/snudifo89.fr\/index.php\/2026\/04\/02\/carte-scolaire-la-mobilisation-continue\/\">\r\n\t\t\t<img class=\"wppsac-post-image\"  src=\"https:\/\/snudifo89.fr\/wp-content\/uploads\/2025\/02\/carte-scoalire-LFI.jpg\" alt=\"Carte scolaire : la mobilisation continue !\" \/>\r\n\t\t<\/a>\r\n\t<\/div>\r\n\t\r\n\t<div class=\"wppsac-post-content-position\">\r\n\t\t\t\t<div class=\"wppsac-post-categories\"><ul class=\"wppsac-post-categories-list\"><li><a href=\"https:\/\/snudifo89.fr\/index.php\/category\/actualites\/\">actualit\u00e9s<\/a><\/li><li><a href=\"https:\/\/snudifo89.fr\/index.php\/category\/carte-scolaire\/\">Carte scolaire<\/a><\/li><\/ul><\/div>\r\n\t\t\r\n\t\t<h2 class=\"wppsac-post-title\">\r\n\t\t\t<a href=\"https:\/\/snudifo89.fr\/index.php\/2026\/04\/02\/carte-scolaire-la-mobilisation-continue\/\">Carte scolaire : la mobilisation continue !<\/a>\r\n\t\t<\/h2>\r\n\r\n\t\t\t\t<div class=\"wppsac-post-date\">\r\n\t\t\t\t\t\t<span>By snudifo89<\/span>\r\n\t\t\t \/ 2 avril 2026\t\t<\/div>\r\n\t\t\t\t<div class=\"wppsac-post-content\">\r\n\t\t\t<div class=\"wppsac-sub-content\">Bien que le CSA-SD soit pass\u00e9, la mobilisation se poursuit et la d\u00e9termination des parents, des enseignants contre les fermetures...<\/div>\r\n\r\n\t\t\t\t\t\t<a class=\"wppsac-readmorebtn\" href=\"https:\/\/snudifo89.fr\/index.php\/2026\/04\/02\/carte-scolaire-la-mobilisation-continue\/\">Read More<\/a>\r\n\t\t\t\t\t<\/div>\r\n\t\t\t<\/div>\r\n<\/div><div class=\"wppsac-carousel-slides\">\r\n\t\t<div class=\"wppsac-post-image-bg\">\r\n\t\t<a href=\"https:\/\/snudifo89.fr\/index.php\/2026\/04\/02\/formation-sur-le-harcelement-scolaire-ce-nest-pas-une-obligation\/\">\r\n\t\t\t<img class=\"wppsac-post-image\"  src=\"https:\/\/snudifo89.fr\/wp-content\/uploads\/2026\/04\/Journal-novembre-2022.png\" alt=\"Formation sur le harc\u00e8lement scolaire : ce n&rsquo;est pas une obligation !\" \/>\r\n\t\t<\/a>\r\n\t<\/div>\r\n\t\r\n\t<div class=\"wppsac-post-content-position\">\r\n\t\t\t\t<div class=\"wppsac-post-categories\"><ul class=\"wppsac-post-categories-list\"><li><a href=\"https:\/\/snudifo89.fr\/index.php\/category\/actualites\/\">actualit\u00e9s<\/a><\/li><li><a href=\"https:\/\/snudifo89.fr\/index.php\/category\/formation\/\">formation<\/a><\/li><\/ul><\/div>\r\n\t\t\r\n\t\t<h2 class=\"wppsac-post-title\">\r\n\t\t\t<a href=\"https:\/\/snudifo89.fr\/index.php\/2026\/04\/02\/formation-sur-le-harcelement-scolaire-ce-nest-pas-une-obligation\/\">Formation sur le harc\u00e8lement scolaire : ce n&rsquo;est pas une obligation !<\/a>\r\n\t\t<\/h2>\r\n\r\n\t\t\t\t<div class=\"wppsac-post-date\">\r\n\t\t\t\t\t\t<span>By snudifo89<\/span>\r\n\t\t\t \/ 2 avril 2026\t\t<\/div>\r\n\t\t\t\t<div class=\"wppsac-post-content\">\r\n\t\t\t<div class=\"wppsac-sub-content\">Afin de lever toute ambig\u00fcit\u00e9 au sujet des webinaires organis\u00e9s sur le harc\u00e8lement scolaire, le SNUDI-FO 89 s'est adress\u00e9 au...<\/div>\r\n\r\n\t\t\t\t\t\t<a class=\"wppsac-readmorebtn\" href=\"https:\/\/snudifo89.fr\/index.php\/2026\/04\/02\/formation-sur-le-harcelement-scolaire-ce-nest-pas-une-obligation\/\">Read More<\/a>\r\n\t\t\t\t\t<\/div>\r\n\t\t\t<\/div>\r\n<\/div><div class=\"wppsac-carousel-slides\">\r\n\t\t<div class=\"wppsac-post-image-bg\">\r\n\t\t<a href=\"https:\/\/snudifo89.fr\/index.php\/2026\/03\/30\/rassemblement-contre-la-carte-scolaire-devant-la-dsden-ce-lundi-30-mars-a-auxerre\/\">\r\n\t\t\t<img class=\"wppsac-post-image\"  src=\"https:\/\/snudifo89.fr\/wp-content\/uploads\/2026\/03\/photo_2026-03-30_15-34-39.jpg\" alt=\"Rassemblement contre la carte scolaire : plus de 300 devant la DSDEN ce lundi 30 mars \u00e0 Auxerre.\" \/>\r\n\t\t<\/a>\r\n\t<\/div>\r\n\t\r\n\t<div class=\"wppsac-post-content-position\">\r\n\t\t\t\t<div class=\"wppsac-post-categories\"><ul class=\"wppsac-post-categories-list\"><li><a href=\"https:\/\/snudifo89.fr\/index.php\/category\/actualites\/\">actualit\u00e9s<\/a><\/li><li><a href=\"https:\/\/snudifo89.fr\/index.php\/category\/carte-scolaire\/\">Carte scolaire<\/a><\/li><\/ul><\/div>\r\n\t\t\r\n\t\t<h2 class=\"wppsac-post-title\">\r\n\t\t\t<a href=\"https:\/\/snudifo89.fr\/index.php\/2026\/03\/30\/rassemblement-contre-la-carte-scolaire-devant-la-dsden-ce-lundi-30-mars-a-auxerre\/\">Rassemblement contre la carte scolaire : plus de 300 devant la DSDEN ce lundi 30 mars \u00e0 Auxerre.<\/a>\r\n\t\t<\/h2>\r\n\r\n\t\t\t\t<div class=\"wppsac-post-date\">\r\n\t\t\t\t\t\t<span>By snudifo89<\/span>\r\n\t\t\t \/ 30 mars 2026\t\t<\/div>\r\n\t\t\t\t<div class=\"wppsac-post-content\">\r\n\t\t\t<div class=\"wppsac-sub-content\">Plus de 300 \u00e0 la dsden ce matin : de nombreuses \u00e9coles en gr\u00e8ve \u00e9taient pr\u00e9sentes, avec enseignants, parents, \u00e9lus,...<\/div>\r\n\r\n\t\t\t\t\t\t<a class=\"wppsac-readmorebtn\" href=\"https:\/\/snudifo89.fr\/index.php\/2026\/03\/30\/rassemblement-contre-la-carte-scolaire-devant-la-dsden-ce-lundi-30-mars-a-auxerre\/\">Read More<\/a>\r\n\t\t\t\t\t<\/div>\r\n\t\t\t<\/div>\r\n<\/div><div class=\"wppsac-carousel-slides\">\r\n\t\t<div class=\"wppsac-post-image-bg\">\r\n\t\t<a href=\"https:\/\/snudifo89.fr\/index.php\/2026\/03\/26\/point-sur-la-mobilisation-carte-scolaire\/\">\r\n\t\t\t<img class=\"wppsac-post-image\"  src=\"https:\/\/snudifo89.fr\/wp-content\/uploads\/2026\/03\/photo_2026-03-26_18-43-08.jpg\" alt=\"Point sur la mobilisation carte scolaire\" \/>\r\n\t\t<\/a>\r\n\t<\/div>\r\n\t\r\n\t<div class=\"wppsac-post-content-position\">\r\n\t\t\t\t<div class=\"wppsac-post-categories\"><ul class=\"wppsac-post-categories-list\"><li><a href=\"https:\/\/snudifo89.fr\/index.php\/category\/actualites\/\">actualit\u00e9s<\/a><\/li><li><a href=\"https:\/\/snudifo89.fr\/index.php\/category\/carte-scolaire\/\">Carte scolaire<\/a><\/li><li><a href=\"https:\/\/snudifo89.fr\/index.php\/category\/non-classe\/\">Non class\u00e9<\/a><\/li><\/ul><\/div>\r\n\t\t\r\n\t\t<h2 class=\"wppsac-post-title\">\r\n\t\t\t<a href=\"https:\/\/snudifo89.fr\/index.php\/2026\/03\/26\/point-sur-la-mobilisation-carte-scolaire\/\">Point sur la mobilisation carte scolaire<\/a>\r\n\t\t<\/h2>\r\n\r\n\t\t\t\t<div class=\"wppsac-post-date\">\r\n\t\t\t\t\t\t<span>By snudifo89<\/span>\r\n\t\t\t \/ 26 mars 2026\t\t<\/div>\r\n\t\t\t\t<div class=\"wppsac-post-content\">\r\n\t\t\t<div class=\"wppsac-sub-content\">Blocages d'\u00e9cole et mobilisations les 24, 26 et 27 mars : RPI B\u00e9on\/Chamvres - Auxerre : Rive Droite, Clairions et...<\/div>\r\n\r\n\t\t\t\t\t\t<a class=\"wppsac-readmorebtn\" href=\"https:\/\/snudifo89.fr\/index.php\/2026\/03\/26\/point-sur-la-mobilisation-carte-scolaire\/\">Read More<\/a>\r\n\t\t\t\t\t<\/div>\r\n\t\t\t<\/div>\r\n<\/div><div class=\"wppsac-carousel-slides\">\r\n\t\t<div class=\"wppsac-post-image-bg\">\r\n\t\t<a href=\"https:\/\/snudifo89.fr\/index.php\/2026\/03\/23\/carte-scolaire-la-liste-des-ecoles-menacees-est-tombee-mobilisation-generale\/\">\r\n\t\t\t<img class=\"wppsac-post-image\"  src=\"https:\/\/snudifo89.fr\/wp-content\/uploads\/2025\/02\/photo_2025-02-13_08-33-53.jpg\" alt=\"Carte scolaire : la liste des \u00e9coles menac\u00e9es est tomb\u00e9e. Mobilisation g\u00e9n\u00e9rale !\" \/>\r\n\t\t<\/a>\r\n\t<\/div>\r\n\t\r\n\t<div class=\"wppsac-post-content-position\">\r\n\t\t\t\t<div class=\"wppsac-post-categories\"><ul class=\"wppsac-post-categories-list\"><li><a href=\"https:\/\/snudifo89.fr\/index.php\/category\/actualites\/\">actualit\u00e9s<\/a><\/li><li><a href=\"https:\/\/snudifo89.fr\/index.php\/category\/carte-scolaire\/\">Carte scolaire<\/a><\/li><li><a href=\"https:\/\/snudifo89.fr\/index.php\/category\/non-classe\/\">Non class\u00e9<\/a><\/li><\/ul><\/div>\r\n\t\t\r\n\t\t<h2 class=\"wppsac-post-title\">\r\n\t\t\t<a href=\"https:\/\/snudifo89.fr\/index.php\/2026\/03\/23\/carte-scolaire-la-liste-des-ecoles-menacees-est-tombee-mobilisation-generale\/\">Carte scolaire : la liste des \u00e9coles menac\u00e9es est tomb\u00e9e. Mobilisation g\u00e9n\u00e9rale !<\/a>\r\n\t\t<\/h2>\r\n\r\n\t\t\t\t<div class=\"wppsac-post-date\">\r\n\t\t\t\t\t\t<span>By snudifo89<\/span>\r\n\t\t\t \/ 23 mars 2026\t\t<\/div>\r\n\t\t\t\t<div class=\"wppsac-post-content\">\r\n\t\t\t<div class=\"wppsac-sub-content\">liste des \u00e9coles menac\u00e9es \u00e0 retrouver en fin d'article. Comme nous nous y attendions, au vu du passage en force...<\/div>\r\n\r\n\t\t\t\t\t\t<a class=\"wppsac-readmorebtn\" href=\"https:\/\/snudifo89.fr\/index.php\/2026\/03\/23\/carte-scolaire-la-liste-des-ecoles-menacees-est-tombee-mobilisation-generale\/\">Read More<\/a>\r\n\t\t\t\t\t<\/div>\r\n\t\t\t<\/div>\r\n<\/div><div class=\"wppsac-carousel-slides\">\r\n\t\t<div class=\"wppsac-post-image-bg\">\r\n\t\t<a href=\"https:\/\/snudifo89.fr\/index.php\/2026\/03\/18\/blocages-greve-rassemblement-non-aux-fermetures-de-classes-et-aux-suppressions-de-postes\/\">\r\n\t\t\t<img class=\"wppsac-post-image\"  src=\"https:\/\/snudifo89.fr\/wp-content\/uploads\/2025\/02\/480551973_1283310036262950_5304583575342801324_n.jpg\" alt=\"Gr\u00e8ve, blocages, rassemblement : NON aux fermetures de classes et aux suppressions de postes !\" \/>\r\n\t\t<\/a>\r\n\t<\/div>\r\n\t\r\n\t<div class=\"wppsac-post-content-position\">\r\n\t\t\t\t<div class=\"wppsac-post-categories\"><ul class=\"wppsac-post-categories-list\"><li><a href=\"https:\/\/snudifo89.fr\/index.php\/category\/actualites\/\">actualit\u00e9s<\/a><\/li><li><a href=\"https:\/\/snudifo89.fr\/index.php\/category\/carte-scolaire\/\">Carte scolaire<\/a><\/li><\/ul><\/div>\r\n\t\t\r\n\t\t<h2 class=\"wppsac-post-title\">\r\n\t\t\t<a href=\"https:\/\/snudifo89.fr\/index.php\/2026\/03\/18\/blocages-greve-rassemblement-non-aux-fermetures-de-classes-et-aux-suppressions-de-postes\/\">Gr\u00e8ve, blocages, rassemblement : NON aux fermetures de classes et aux suppressions de postes !<\/a>\r\n\t\t<\/h2>\r\n\r\n\t\t\t\t<div class=\"wppsac-post-date\">\r\n\t\t\t\t\t\t<span>By snudifo89<\/span>\r\n\t\t\t \/ 18 mars 2026\t\t<\/div>\r\n\t\t\t\t<div class=\"wppsac-post-content\">\r\n\t\t\t<div class=\"wppsac-sub-content\">Le budget Macron-Lecornu, pass\u00e9 \u00e0 coup de 49-3, impose encore la suppression de 4000 postes dans l\u2019\u00c9ducation Nationale. Nous manquons...<\/div>\r\n\r\n\t\t\t\t\t\t<a class=\"wppsac-readmorebtn\" href=\"https:\/\/snudifo89.fr\/index.php\/2026\/03\/18\/blocages-greve-rassemblement-non-aux-fermetures-de-classes-et-aux-suppressions-de-postes\/\">Read More<\/a>\r\n\t\t\t\t\t<\/div>\r\n\t\t\t<\/div>\r\n<\/div><div class=\"wppsac-carousel-slides\">\r\n\t\t<div class=\"wppsac-post-image-bg\">\r\n\t\t<a href=\"https:\/\/snudifo89.fr\/index.php\/2026\/03\/09\/permutations-resultats-le-11-mars-et-apres\/\">\r\n\t\t\t<img class=\"wppsac-post-image\"  src=\"https:\/\/snudifo89.fr\/wp-content\/uploads\/2019\/11\/nsmail-466-1.jpg\" alt=\"Permutations : r\u00e9sultats le 11 mars&#8230; et apr\u00e8s ?\" \/>\r\n\t\t<\/a>\r\n\t<\/div>\r\n\t\r\n\t<div class=\"wppsac-post-content-position\">\r\n\t\t\t\t<div class=\"wppsac-post-categories\"><ul class=\"wppsac-post-categories-list\"><li><a href=\"https:\/\/snudifo89.fr\/index.php\/category\/actualites\/\">actualit\u00e9s<\/a><\/li><li><a href=\"https:\/\/snudifo89.fr\/index.php\/category\/permuts-exeat-ineat\/\">permuts-exeat\/ineat<\/a><\/li><\/ul><\/div>\r\n\t\t\r\n\t\t<h2 class=\"wppsac-post-title\">\r\n\t\t\t<a href=\"https:\/\/snudifo89.fr\/index.php\/2026\/03\/09\/permutations-resultats-le-11-mars-et-apres\/\">Permutations : r\u00e9sultats le 11 mars&#8230; et apr\u00e8s ?<\/a>\r\n\t\t<\/h2>\r\n\r\n\t\t\t\t<div class=\"wppsac-post-date\">\r\n\t\t\t\t\t\t<span>By snudifo89<\/span>\r\n\t\t\t \/ 9 mars 2026\t\t<\/div>\r\n\t\t\t\t<div class=\"wppsac-post-content\">\r\n\t\t\t<div class=\"wppsac-sub-content\">Le 11 mars, les r\u00e9sultats du mouvement inter (permutations) vont tomber (normalement\u00e0 midi).Nous ne serons pas destinataires des r\u00e9sultats, nous...<\/div>\r\n\r\n\t\t\t\t\t\t<a class=\"wppsac-readmorebtn\" href=\"https:\/\/snudifo89.fr\/index.php\/2026\/03\/09\/permutations-resultats-le-11-mars-et-apres\/\">Read More<\/a>\r\n\t\t\t\t\t<\/div>\r\n\t\t\t<\/div>\r\n<\/div><div class=\"wppsac-carousel-slides\">\r\n\t\t<div class=\"wppsac-post-image-bg\">\r\n\t\t<a href=\"https:\/\/snudifo89.fr\/index.php\/2026\/03\/05\/rassemblement-devant-linspection-academique-le-4-mars-non-au-budget-de-guerre-et-aux-suppressions-de-postes\/\">\r\n\t\t\t<img class=\"wppsac-post-image\"  src=\"https:\/\/snudifo89.fr\/wp-content\/uploads\/2026\/03\/photo_2026-03-04_19-35-07.jpg\" alt=\"Rassemblement devant l&rsquo;Inspection Acad\u00e9mique le 4 mars : NON au budget de guerre et aux suppressions de postes !\" \/>\r\n\t\t<\/a>\r\n\t<\/div>\r\n\t\r\n\t<div class=\"wppsac-post-content-position\">\r\n\t\t\t\t<div class=\"wppsac-post-categories\"><ul class=\"wppsac-post-categories-list\"><li><a href=\"https:\/\/snudifo89.fr\/index.php\/category\/actualites\/\">actualit\u00e9s<\/a><\/li><li><a href=\"https:\/\/snudifo89.fr\/index.php\/category\/carte-scolaire\/\">Carte scolaire<\/a><\/li><\/ul><\/div>\r\n\t\t\r\n\t\t<h2 class=\"wppsac-post-title\">\r\n\t\t\t<a href=\"https:\/\/snudifo89.fr\/index.php\/2026\/03\/05\/rassemblement-devant-linspection-academique-le-4-mars-non-au-budget-de-guerre-et-aux-suppressions-de-postes\/\">Rassemblement devant l&rsquo;Inspection Acad\u00e9mique le 4 mars : NON au budget de guerre et aux suppressions de postes !<\/a>\r\n\t\t<\/h2>\r\n\r\n\t\t\t\t<div class=\"wppsac-post-date\">\r\n\t\t\t\t\t\t<span>By snudifo89<\/span>\r\n\t\t\t \/ 5 mars 2026\t\t<\/div>\r\n\t\t\t\t<div class=\"wppsac-post-content\">\r\n\t\t\t<div class=\"wppsac-sub-content\">Plus de 80 enseignants, parents, \u00e9lus se sont r\u00e9unis pour dire NON aux suppressions de postes dans l'Education Nationale, ce...<\/div>\r\n\r\n\t\t\t\t\t\t<a class=\"wppsac-readmorebtn\" href=\"https:\/\/snudifo89.fr\/index.php\/2026\/03\/05\/rassemblement-devant-linspection-academique-le-4-mars-non-au-budget-de-guerre-et-aux-suppressions-de-postes\/\">Read More<\/a>\r\n\t\t\t\t\t<\/div>\r\n\t\t\t<\/div>\r\n<\/div><div class=\"wppsac-carousel-slides\">\r\n\t\t<div class=\"wppsac-post-image-bg\">\r\n\t\t<a href=\"https:\/\/snudifo89.fr\/index.php\/2026\/03\/02\/blocage-de-lecole-de-vaudeurs-non-a-la-fermeture-de-classe\/\">\r\n\t\t\t<img class=\"wppsac-post-image\"  src=\"https:\/\/snudifo89.fr\/wp-content\/uploads\/2026\/03\/photo_2026-03-02_15-21-03.jpg\" alt=\"Blocage de l&rsquo;\u00e9cole de Vaudeurs : NON \u00e0 la fermeture de classe !\" \/>\r\n\t\t<\/a>\r\n\t<\/div>\r\n\t\r\n\t<div class=\"wppsac-post-content-position\">\r\n\t\t\t\t<div class=\"wppsac-post-categories\"><ul class=\"wppsac-post-categories-list\"><li><a href=\"https:\/\/snudifo89.fr\/index.php\/category\/actualites\/\">actualit\u00e9s<\/a><\/li><li><a href=\"https:\/\/snudifo89.fr\/index.php\/category\/carte-scolaire\/\">Carte scolaire<\/a><\/li><\/ul><\/div>\r\n\t\t\r\n\t\t<h2 class=\"wppsac-post-title\">\r\n\t\t\t<a href=\"https:\/\/snudifo89.fr\/index.php\/2026\/03\/02\/blocage-de-lecole-de-vaudeurs-non-a-la-fermeture-de-classe\/\">Blocage de l&rsquo;\u00e9cole de Vaudeurs : NON \u00e0 la fermeture de classe !<\/a>\r\n\t\t<\/h2>\r\n\r\n\t\t\t\t<div class=\"wppsac-post-date\">\r\n\t\t\t\t\t\t<span>By snudifo89<\/span>\r\n\t\t\t \/ 2 mars 2026\t\t<\/div>\r\n\t\t\t\t<div class=\"wppsac-post-content\">\r\n\t\t\t<div class=\"wppsac-sub-content\">Ce lundi 2 mars, \u00e0 l'instar de la mobilisation qui a eu lieu \u00e0 B\u00e9on\/Chamvres lundi dernier, relay\u00e9e sur le...<\/div>\r\n\r\n\t\t\t\t\t\t<a class=\"wppsac-readmorebtn\" href=\"https:\/\/snudifo89.fr\/index.php\/2026\/03\/02\/blocage-de-lecole-de-vaudeurs-non-a-la-fermeture-de-classe\/\">Read More<\/a>\r\n\t\t\t\t\t<\/div>\r\n\t\t\t<\/div>\r\n<\/div><div class=\"wppsac-carousel-slides\">\r\n\t\t<div class=\"wppsac-post-image-bg\">\r\n\t\t<a href=\"https:\/\/snudifo89.fr\/index.php\/2026\/02\/27\/rassemblement-contre-les-suppressions-de-poste-mercredi-4-mars-a-14h30\/\">\r\n\t\t\t<img class=\"wppsac-post-image\"  src=\"https:\/\/snudifo89.fr\/wp-content\/uploads\/2025\/01\/photo_2025-01-31_12-10-09-e1764336520259.jpg\" alt=\"RASSEMBLEMENT contre les suppressions de poste : mercredi 4 mars \u00e0 14h30.\" \/>\r\n\t\t<\/a>\r\n\t<\/div>\r\n\t\r\n\t<div class=\"wppsac-post-content-position\">\r\n\t\t\t\t<div class=\"wppsac-post-categories\"><ul class=\"wppsac-post-categories-list\"><li><a href=\"https:\/\/snudifo89.fr\/index.php\/category\/actualites\/\">actualit\u00e9s<\/a><\/li><li><a href=\"https:\/\/snudifo89.fr\/index.php\/category\/carte-scolaire\/\">Carte scolaire<\/a><\/li><\/ul><\/div>\r\n\t\t\r\n\t\t<h2 class=\"wppsac-post-title\">\r\n\t\t\t<a href=\"https:\/\/snudifo89.fr\/index.php\/2026\/02\/27\/rassemblement-contre-les-suppressions-de-poste-mercredi-4-mars-a-14h30\/\">RASSEMBLEMENT contre les suppressions de poste : mercredi 4 mars \u00e0 14h30.<\/a>\r\n\t\t<\/h2>\r\n\r\n\t\t\t\t<div class=\"wppsac-post-date\">\r\n\t\t\t\t\t\t<span>By snudifo89<\/span>\r\n\t\t\t \/ 27 f\u00e9vrier 2026\t\t<\/div>\r\n\t\t\t\t<div class=\"wppsac-post-content\">\r\n\t\t\t<div class=\"wppsac-sub-content\">NON aux suppressions de postes\u00a0: des moyens pour l\u2019\u00c9cole Publique\u00a0! Le budget Macron-Lecornu, pass\u00e9 \u00e0 coup de 49-3, impose la...<\/div>\r\n\r\n\t\t\t\t\t\t<a class=\"wppsac-readmorebtn\" href=\"https:\/\/snudifo89.fr\/index.php\/2026\/02\/27\/rassemblement-contre-les-suppressions-de-poste-mercredi-4-mars-a-14h30\/\">Read More<\/a>\r\n\t\t\t\t\t<\/div>\r\n\t\t\t<\/div>\r\n<\/div>\t\t\t<\/div>\r\n\t\t<\/div>\r\n\t\n\n\n<h2 id=\"tablepress-1-name\" class=\"tablepress-table-name tablepress-table-name-id-1\">Dossiers du SNUDI-FO<\/h2>\n\n<table id=\"tablepress-1\" class=\"tablepress tablepress-id-1\" aria-labelledby=\"tablepress-1-name\">\n<tbody class=\"row-hover\">\n<tr class=\"row-1 odd\">\n\t<td class=\"column-1\"><img src=\"http:\/\/snudifo89.fr\/wp-content\/uploads\/2023\/01\/Evaluations-decoles-214x300.png\" alt=\"\" width=\"150\" height=\"200\" class=\"alignnone size-medium wp-image-2480\" \/><br \/>\n<a href=\"https:\/\/fo-snudi.fr\/wp-content\/uploads\/2022\/11\/220516-Journal-SNUDI-FO-evaluations-decole.pdf\">\u00e9valuations d'\u00e9cole<\/a><\/td><td class=\"column-2\"><img src=\"http:\/\/snudifo89.fr\/wp-content\/uploads\/2023\/01\/PPCR-212x300.png\" alt=\"\" width=\"150\" height=\"200\" class=\"alignnone size-medium wp-image-2483\" \/><a href=\"https:\/\/fo-snudi.fr\/wp-content\/uploads\/2024\/09\/240905-Journal-SNUDI-FO-PPCR.pdf\" rel=\"noopener\" target=\"_blank\"><br \/>\nPPCR<\/a><\/td><td class=\"column-3\"><img src=\"http:\/\/snudifo89.fr\/wp-content\/uploads\/2024\/09\/Inclusion-scolaire-2024.png\" alt=\"\" width=\"150\" height=\"200\" class=\"alignnone size-medium wp-image-2485\" \/><br \/>\n<a href=\"https:\/\/fo-snudi.fr\/wp-content\/uploads\/2024\/05\/240529-Inclusion.pdf\" rel=\"noopener\" target=\"_blank\">inclusion scolaire<\/a><\/td>\n<\/tr>\n<tr class=\"row-2 even\">\n\t<td class=\"column-1\"><img src=\"http:\/\/snudifo89.fr\/wp-content\/uploads\/2023\/01\/Remplacants-213x300.png\" alt=\"\" width=\"150\" height=\"200\" class=\"alignnone size-small wp-image-2491\" \/><br \/>\n<a href=\"https:\/\/fo-snudi.fr\/wp-content\/uploads\/2022\/09\/220908-Journal-special-remplacants-1.pdf\" rel=\"noopener\" target=\"_blank\">rempla\u00e7ants<\/a><\/td><td class=\"column-2\"><img src=\"http:\/\/snudifo89.fr\/wp-content\/uploads\/2024\/09\/Journal-stagiaires-1.png\" alt=\"\" width=\"150\" height=\"200\" class=\"alignnone size-medium wp-image-2490\" \/><br \/>\n<a href=\"https:\/\/fo-snudi.fr\/wp-content\/uploads\/2024\/09\/FNEC-Stagiaire-2024_25.pdf\" rel=\"noopener\" target=\"_blank\">stagiaires<\/a><\/td><td class=\"column-3\"><img src=\"http:\/\/snudifo89.fr\/wp-content\/uploads\/2024\/09\/Choc-des-savoirs.png\" alt=\"\" width=\"150\" height=\"200\" class=\"alignnone size-medium wp-image-2493\" \/><br \/>\n<a href=\"https:\/\/fo-snudi.fr\/wp-content\/uploads\/2024\/04\/240418-Journal-Choc-des-savoirs.pdf\" rel=\"noopener\" target=\"_blank\">choc des savoirs<\/a><\/td>\n<\/tr>\n<tr class=\"row-3 odd\">\n\t<td class=\"column-1\"><img src=\"http:\/\/snudifo89.fr\/wp-content\/uploads\/2023\/01\/211013-Journal-special-direction-212x300.jpg\" alt=\"\" width=\"150\" height=\"200\" class=\"alignnone size-medium wp-image-2488\" \/><br \/>\n<a href=\"https:\/\/fo-snudi.fr\/wp-content\/uploads\/2022\/02\/211013-Journal-special-direction.pdf\" rel=\"noopener\" target=\"_blank\">direction d'\u00e9cole<\/a><\/td><td class=\"column-2\"><img src=\"http:\/\/snudifo89.fr\/wp-content\/uploads\/2023\/01\/Contractuels-1-1-211x300.png\" alt=\"\" width=\"150\" height=\"200\" class=\"alignnone size-medium wp-image-2504\" \/><br \/>\n<a href=\"https:\/\/fo-snudi.fr\/wp-content\/uploads\/2022\/11\/221104-Journal-contractuels.pdf\" rel=\"noopener\" target=\"_blank\">contractuels<\/a><\/td><td class=\"column-3\"><img src=\"http:\/\/snudifo89.fr\/wp-content\/uploads\/2023\/10\/Capture-decran-2023-10-30-093556-216x300.jpg\" alt=\"\" width=\"150\" height=\"200\" class=\"alignnone size-medium wp-image-2493\" \/><br \/>\n<a href=\"http:\/\/snudifo89.fr\/wp-content\/uploads\/2023\/10\/guide-AESH-2023-2024-V3.pdf\" rel=\"noopener\" target=\"_blank\">AESH<\/a><\/td>\n<\/tr>\n<tr class=\"row-4 even\">\n\t<td class=\"column-1\"><\/td><td class=\"column-2\"><img src=\"http:\/\/snudifo89.fr\/wp-content\/uploads\/2024\/09\/info-admin.jpg\" alt=\"\" width=\"150\" height=\"200\" class=\"alignnone size-medium wp-image-2504\" \/><br \/>\n<a href=\"http:\/\/snudifo89.fr\/wp-content\/uploads\/2024\/09\/240901-Affiche-administrative.pdf\" rel=\"noopener\" target=\"_blank\">infos administratives<\/a><\/td><td class=\"column-3\"><\/td>\n<\/tr>\n<\/tbody>\n<\/table>\n<!-- #tablepress-1 from cache -->\n\n\n\n<div class=\"wp-block-group\"><div class=\"wp-block-group__inner-container\">\n<figure class=\"wp-block-image size-full is-resized\"><a href=\"http:\/\/snudifo89.fr\/wp-admin\/\"><img loading=\"lazy\" src=\"http:\/\/snudifo89.fr\/wp-content\/uploads\/2022\/02\/Sans-titre-1-1.png\" alt=\"\" class=\"wp-image-2229\" width=\"146\" height=\"33\"\/><\/a><\/figure>\n<\/div><\/div>\n\n\n\n<p><\/p>\n","protected":false},"excerpt":{"rendered":"","protected":false},"author":1,"featured_media":0,"parent":0,"menu_order":0,"comment_status":"closed","ping_status":"closed","template":"","meta":[],"_links":{"self":[{"href":"https:\/\/snudifo89.fr\/index.php\/wp-json\/wp\/v2\/pages\/2210"}],"collection":[{"href":"https:\/\/snudifo89.fr\/index.php\/wp-json\/wp\/v2\/pages"}],"about":[{"href":"https:\/\/snudifo89.fr\/index.php\/wp-json\/wp\/v2\/types\/page"}],"author":[{"embeddable":true,"href":"https:\/\/snudifo89.fr\/index.php\/wp-json\/wp\/v2\/users\/1"}],"replies":[{"embeddable":true,"href":"https:\/\/snudifo89.fr\/index.php\/wp-json\/wp\/v2\/comments?post=2210"}],"version-history":[{"count":6,"href":"https:\/\/snudifo89.fr\/index.php\/wp-json\/wp\/v2\/pages\/2210\/revisions"}],"predecessor-version":[{"id":2231,"href":"https:\/\/snudifo89.fr\/index.php\/wp-json\/wp\/v2\/pages\/2210\/revisions\/2231"}],"wp:attachment":[{"href":"https:\/\/snudifo89.fr\/index.php\/wp-json\/wp\/v2\/media?parent=2210"}],"curies":[{"name":"wp","href":"https:\/\/api.w.org\/{rel}","templated":true}]}}